{"id":927,"date":"2024-10-16T08:10:24","date_gmt":"2024-10-16T08:10:24","guid":{"rendered":"https:\/\/buildoptimize.com\/polityka-prywatnosci\/"},"modified":"2026-02-06T21:14:02","modified_gmt":"2026-02-06T21:14:02","slug":"polityka-prywatnosci","status":"publish","type":"page","link":"https:\/\/buildoptimize.com\/pl\/polityka-prywatnosci\/","title":{"rendered":"Polityka Prywatno\u015bci"},"content":{"rendered":"\n<hr class=\"wp-block-separator has-alpha-channel-opacity\"\/>\n\n<p><strong>Polityka Prywatno\u015bci<\/strong><\/p>\n\n<p>Niniejsza Polityka Prywatno\u015bci okre\u015bla zasady przetwarzania danych osobowych na stronie buildoptimize.com (dalej: \u201eStrona\u201d). Korzystaj\u0105c z naszych us\u0142ug, wyra\u017casz zgod\u0119 na zbieranie, wykorzystywanie i przetwarzanie Twoich danych osobowych zgodnie z niniejsz\u0105 Polityk\u0105 Prywatno\u015bci. <\/p>\n\n<h3 class=\"wp-block-heading\">1. Administrator Danych<\/h3>\n\n<p>Administratorem Twoich danych osobowych jest CIS Web Agency, w\u0142a\u015bciciel strony buildoptimize.com. W sprawach zwi\u0105zanych z ochron\u0105 danych osobowych mo\u017cesz skontaktowa\u0107 si\u0119 z nami pod adresem e-mail: contact@buildoptimize.com. <\/p>\n\n<h3 class=\"wp-block-heading\">Jakie dane zbieramy<\/h3>\n\n<p>Zbieramy nast\u0119puj\u0105ce rodzaje danych osobowych:<\/p>\n\n<ul class=\"wp-block-list\">\n<li><strong>Informacje kontaktowe <\/strong>Gdy kontaktujesz si\u0119 z nami przez stron\u0119 internetow\u0105 lub e-mail, zbieramy Twoje imi\u0119, adres e-mail oraz inne dane osobowe przekazane w komunikacji.<\/li>\n\n\n\n<li><strong>wykorzystanie danych<\/strong>: Mo\u017cemy zbiera\u0107 dane o tym, jak korzystasz ze strony internetowej, w tym informacje, takie jak Tw\u00f3j adres IP, typ przegl\u0105darki, odwiedzane strony oraz czas i data wizyt. Te informacje pomagaj\u0105 nam ulepsza\u0107 us\u0142ugi i poprawia\u0107 Twoje do\u015bwiadczenia. <\/li>\n\n\n\n<li><strong>pliki cookie<\/strong>: Strona internetowa u\u017cywa plik\u00f3w cookie, aby zapewni\u0107 prawid\u0142owe funkcjonowanie oraz poprawi\u0107 komfort u\u017cytkowania. Wi\u0119cej szczeg\u00f3\u0142\u00f3w znajdziesz w <strong>Polityce Cookie.<\/strong> <\/li>\n\n\n\n<li>Wsp\u00f3\u0142pracujemy z Microsoft Clarity oraz Microsoft Advertising w celu analizowania sposobu korzystania ze Strony i interakcji u\u017cytkownik\u00f3w poprzez metryki behawioralne, mapy ciep\u0142a oraz nagrania sesji, aby ulepsza\u0107 i promowa\u0107 nasze produkty i us\u0142ugi. Dane dotycz\u0105ce korzystania ze Strony s\u0105 zbierane za pomoc\u0105 plik\u00f3w cookies w\u0142asnych oraz podmiot\u00f3w trzecich, a tak\u017ce innych technologii \u015bledz\u0105cych, w celu okre\u015blenia popularno\u015bci produkt\u00f3w\/us\u0142ug oraz aktywno\u015bci online. Informacje te wykorzystujemy r\u00f3wnie\u017c do optymalizacji Strony, cel\u00f3w bezpiecze\u0144stwa i zapobiegania nadu\u017cyciom oraz do cel\u00f3w reklamowych. Wi\u0119cej informacji na temat sposobu gromadzenia i wykorzystywania danych przez Microsoft znajdziesz w Polityce Prywatno\u015bci Microsoft.   <\/li>\n<\/ul>\n\n<h3 class=\"wp-block-heading\">3. Jak Wykorzystujemy Twoje Dane<\/h3>\n\n<p>Zebrane dane osobowe mog\u0105 by\u0107 wykorzystywane do nast\u0119puj\u0105cych cel\u00f3w:<\/p>\n\n<ul class=\"wp-block-list\">\n<li><strong>\u015awiadczenie us\u0142ug<\/strong>: \u015awiadczenie us\u0142ug zwi\u0105zanych z tworzeniem stron internetowych i SEO, w tym odpowiadanie na zapytania i oferowanie dopasowanych rozwi\u0105za\u0144.<\/li>\n\n\n\n<li><strong>Ulepszanie us\u0142ug<\/strong>: Udoskonalanie jako\u015bci naszej strony internetowej i us\u0142ug poprzez analizy i opinie u\u017cytkownik\u00f3w.<\/li>\n\n\n\n<li><strong>Obowi\u0105zki prawne<\/strong>: Przestrzeganie obowi\u0105zk\u00f3w prawnych i odpowiadanie na \u017c\u0105dania organ\u00f3w \u015bcigania, je\u015bli jest to wymagane.<\/li>\n<\/ul>\n\n<h3 class=\"wp-block-heading\"><br\/>4. Udost\u0119pnianie Danych<\/h3>\n\n<p>Nie sprzedajemy ani nie ujawniamy Twoich danych osobowych stronom trzecim, z wyj\u0105tkiem sytuacji, gdy jest to niezb\u0119dne dla:<\/p>\n\n<ul class=\"wp-block-list\">\n<li><strong>Dostawcy us\u0142ug<\/strong>: Mo\u017cemy udost\u0119pnia\u0107 dane zaufanym dostawcom us\u0142ug, kt\u00f3rzy pomagaj\u0105 nam w prowadzeniu strony internetowej lub \u015bwiadcz\u0105 us\u0142ugi SEO\/tworzenia stron. S\u0105 oni zobowi\u0105zani do zachowania poufno\u015bci. <\/li>\n\n\n\n<li><strong>Wymogi prawne<\/strong>: Mo\u017cemy ujawni\u0107 dane, je\u015bli jest to wymagane przez prawo lub aby chroni\u0107 nasze prawa, mienie lub bezpiecze\u0144stwo, jak r\u00f3wnie\u017c naszych klient\u00f3w i go\u015bci.<\/li>\n<\/ul>\n\n<h3 class=\"wp-block-heading\"><br\/>5. Bezpiecze\u0144stwo Danych<\/h3>\n\n<p>Podejmujemy odpowiednie \u015brodki techniczne i organizacyjne w celu ochrony danych osobowych przed nieuprawnionym dost\u0119pem, utrat\u0105 lub zmian\u0105. Niemniej jednak nale\u017cy pami\u0119ta\u0107, \u017ce \u017cadna metoda transmisji danych przez Internet nie jest w 100% bezpieczna <\/p>\n\n<h3 class=\"wp-block-heading\"><br\/>6. Twoje Prawa<\/h3>\n\n<p>Masz nast\u0119puj\u0105ce prawa dotycz\u0105ce Twoich danych osobowych:<\/p>\n\n<ul class=\"wp-block-list\">\n<li><strong>Dost\u0119p<\/strong>: Masz prawo \u017c\u0105dania dost\u0119pu do danych osobowych, kt\u00f3re przechowujemy na Tw\u00f3j temat.<\/li>\n\n\n\n<li><strong>Sprostowanie<\/strong>: Masz prawo \u017c\u0105dania sprostowania wszelkich nieprawid\u0142owych danych osobowych.<\/li>\n\n\n\n<li><strong>Usuni\u0119cie<\/strong>: Masz prawo \u017c\u0105dania usuni\u0119cia swoich danych osobowych, pod pewnymi warunkami.<\/li>\n\n\n\n<li><strong>Sprzeciw<\/strong>: Masz prawo wniesienia sprzeciwu wobec przetwarzania swoich danych osobowych do okre\u015blonych cel\u00f3w, takich jak marketing.<\/li>\n<\/ul>\n\n<p>Aby skorzysta\u0107 z przys\u0142uguj\u0105cych Ci praw, skontaktuj si\u0119 z nami pod adresem: contact@buildoptimize.com<\/p>\n\n<h3 class=\"wp-block-heading\"><br\/>7. Zmiany w Polityce Prywatno\u015bci<\/h3>\n\n<p>Mo\u017cemy aktualizowa\u0107 niniejsz\u0105 Polityk\u0119 Prywatno\u015bci co jaki\u015b czas. Wszelkie zmiany b\u0119d\u0105 publikowane na tej stronie z dat\u0105 aktualizacji. <\/p>\n\n<h3 class=\"wp-block-heading\">8. Dane Kontaktowe<\/h3>\n\n<p>Je\u015bli masz jakiekolwiek pytania lub w\u0105tpliwo\u015bci dotycz\u0105ce niniejszej Polityki Prywatno\u015bci, skontaktuj si\u0119 z nami pod adresem:<\/p>\n\n<p>BuildOptimize \u2013 CIS Web Agency<br\/>E-mail: contact@buildoptimize.com<br\/>Strona internetowa: <a href=\"https:\/\/buildoptimize.com\/pl\/\">buildoptimize.com<\/a><\/p>\n","protected":false},"excerpt":{"rendered":"<p>Polityka Prywatno\u015bci Niniejsza Polityka Prywatno\u015bci okre\u015bla zasady przetwarzania danych osobowych na stronie buildoptimize.com (dalej: \u201eStrona\u201d). Korzystaj\u0105c z naszych us\u0142ug, wyra\u017casz zgod\u0119 na zbieranie, wykorzystywanie i przetwarzanie Twoich danych osobowych zgodnie z niniejsz\u0105 Polityk\u0105 Prywatno\u015bci. 1. Administrator Danych Administratorem Twoich danych osobowych jest CIS Web Agency, w\u0142a\u015bciciel strony buildoptimize.com. W sprawach zwi\u0105zanych z ochron\u0105 danych osobowych [&hellip;]<\/p>\n","protected":false},"author":1,"featured_media":903,"parent":0,"menu_order":0,"comment_status":"closed","ping_status":"closed","template":"","meta":{"site-sidebar-layout":"default","site-content-layout":"","ast-site-content-layout":"default","site-content-style":"default","site-sidebar-style":"default","ast-global-header-display":"","ast-banner-title-visibility":"","ast-main-header-display":"","ast-hfb-above-header-display":"","ast-hfb-below-header-display":"","ast-hfb-mobile-header-display":"","site-post-title":"","ast-breadcrumbs-content":"","ast-featured-img":"","footer-sml-layout":"","ast-disable-related-posts":"","theme-transparent-header-meta":"","adv-header-id-meta":"","stick-header-meta":"","header-above-stick-meta":"","header-main-stick-meta":"","header-below-stick-meta":"","astra-migrate-meta-layouts":"default","ast-page-background-enabled":"default","ast-page-background-meta":{"desktop":{"background-color":"var(--ast-global-color-4)","background-image":"","background-repeat":"repeat","background-position":"center center","background-size":"auto","background-attachment":"scroll","background-type":"","background-media":"","overlay-type":"","overlay-color":"","overlay-opacity":"","overlay-gradient":""},"tablet":{"background-color":"","background-image":"","background-repeat":"repeat","background-position":"center center","background-size":"auto","background-attachment":"scroll","background-type":"","background-media":"","overlay-type":"","overlay-color":"","overlay-opacity":"","overlay-gradient":""},"mobile":{"background-color":"","background-image":"","background-repeat":"repeat","background-position":"center center","background-size":"auto","background-attachment":"scroll","background-type":"","background-media":"","overlay-type":"","overlay-color":"","overlay-opacity":"","overlay-gradient":""}},"ast-content-background-meta":{"desktop":{"background-color":"var(--ast-global-color-5)","background-image":"","background-repeat":"repeat","background-position":"center center","background-size":"auto","background-attachment":"scroll","background-type":"","background-media":"","overlay-type":"","overlay-color":"","overlay-opacity":"","overlay-gradient":""},"tablet":{"background-color":"var(--ast-global-color-5)","background-image":"","background-repeat":"repeat","background-position":"center center","background-size":"auto","background-attachment":"scroll","background-type":"","background-media":"","overlay-type":"","overlay-color":"","overlay-opacity":"","overlay-gradient":""},"mobile":{"background-color":"var(--ast-global-color-5)","background-image":"","background-repeat":"repeat","background-position":"center center","background-size":"auto","background-attachment":"scroll","background-type":"","background-media":"","overlay-type":"","overlay-color":"","overlay-opacity":"","overlay-gradient":""}},"footnotes":""},"class_list":["post-927","page","type-page","status-publish","has-post-thumbnail","hentry"],"_links":{"self":[{"href":"https:\/\/buildoptimize.com\/pl\/wp-json\/wp\/v2\/pages\/927","targetHints":{"allow":["GET"]}}],"collection":[{"href":"https:\/\/buildoptimize.com\/pl\/wp-json\/wp\/v2\/pages"}],"about":[{"href":"https:\/\/buildoptimize.com\/pl\/wp-json\/wp\/v2\/types\/page"}],"author":[{"embeddable":true,"href":"https:\/\/buildoptimize.com\/pl\/wp-json\/wp\/v2\/users\/1"}],"replies":[{"embeddable":true,"href":"https:\/\/buildoptimize.com\/pl\/wp-json\/wp\/v2\/comments?post=927"}],"version-history":[{"count":2,"href":"https:\/\/buildoptimize.com\/pl\/wp-json\/wp\/v2\/pages\/927\/revisions"}],"predecessor-version":[{"id":1589,"href":"https:\/\/buildoptimize.com\/pl\/wp-json\/wp\/v2\/pages\/927\/revisions\/1589"}],"wp:featuredmedia":[{"embeddable":true,"href":"https:\/\/buildoptimize.com\/pl\/wp-json\/wp\/v2\/media\/903"}],"wp:attachment":[{"href":"https:\/\/buildoptimize.com\/pl\/wp-json\/wp\/v2\/media?parent=927"}],"curies":[{"name":"wp","href":"https:\/\/api.w.org\/{rel}","templated":true}]}}